{"id":234,"date":"2020-03-06T01:20:46","date_gmt":"2020-03-06T00:20:46","guid":{"rendered":"https:\/\/ifl.sk\/audit-pre-obce-a-mesta\/"},"modified":"2020-07-03T14:54:54","modified_gmt":"2020-07-03T12:54:54","slug":"audit-pre-obce-a-mesta","status":"publish","type":"page","link":"https:\/\/ifl.sk\/de\/audit-pre-obce-a-mesta","title":{"rendered":"Wirtschaftspr\u00fcfung der Kommunen und St\u00e4dte"},"content":{"rendered":"<p>[vc_row][vc_column][vc_empty_space height=&#8220;40px&#8220;][vc_column_text]Seit 2010 habe ich als Wirtschaftspr\u00fcferassistent viel Erfahrung in der Pr\u00fcfung von Gemeinden und St\u00e4dten gesammelt. Ich habe eine Bescheinigung \u00fcber den erfolgreichen Abschluss des gemeinsamen Bildungsprojekts des Finanzministeriums der Slowakischen Republik und der SKAU:<br \/>\nBudgetierung, Rechnungswesen und Wirtschaftspr\u00fcfung von Einrichtungen der \u00f6ffentlichen Verwaltung.<\/p>\n<p>Laut \u00a7 19 Abs. 1, Abs. c des Gesetzes Nr. 431\/2002 Slg. zur Rechnungslegung haben die Einheiten, die aufgrund der Sonderregelung eine Pr\u00fcfungspflicht haben.<br \/>\nSonderregelung der Kommune<br \/>\n\u2013 Nr. 83\/2004 Slg. zur Haushaltsordnung der Gebietsk\u00f6rperschaften und zur \u00c4nderung und Erg\u00e4nzung einiger Gesetze in der jeweils g\u00fcltigen Fassung,<br \/>\n\u2013 Nr. 369\/2002 Slg. Zu den kommunalen Einrichtungen in der jeweils g\u00fcltigen Fassung,<br \/>\nLaut \u00a7 16 Abs. 3 des Gesetzes Nr. 83\/2004 Slg. zur Haushaltsordnung der Gebietsk\u00f6rperschaften und zur \u00c4nderung und Erg\u00e4nzung einiger Gesetze ist der Gemeinde verpflichtet ihren Jahresabschluss aufgrund der Sonderregelung pr\u00fcfen zu lassen &#8211; Gesetz \u00fcber die Rechnungslegung.<\/p>\n<p>Bei der Pr\u00fcfung des Jahresabschlusses wird auch die Einhaltung der Verpflichtungen gem\u00e4\u00df \u00a7 10 Abs. 7 und 8, Art. 12, \u00a7 17 und \u00a7 19 Abs. 1 des Gesetzes zur Haushaltsordnung der Gebietsk\u00f6rperschaften gepr\u00fcft.<\/p>\n<p>Die Pr\u00fcfungspflicht ist auch in \u00a7 9 Abs. 4 des Gesetzes Nr. 369\/1990 Slg. \u00fcber kommunalen Einrichtungen. (Der Jahresabschluss der Gemeinde wird von einem Wirtschaftspr\u00fcfer \u00fcberpr\u00fcft. Der Wirtschaftspr\u00fcfer \u00fcberpr\u00fcft auch andere Tatsachen, die in einer Sonderregelung festgelegt sind. \u00dcber Haushaltsordnung der Gebietsk\u00f6rperschaften.)[\/vc_column_text][\/vc_column][\/vc_row][vc_row][vc_column][vc_empty_space height=&#8220;40px&#8220;][\/vc_column][\/vc_row]<\/p>\n","protected":false},"excerpt":{"rendered":"<p>[vc_row][vc_column][vc_empty_space height=&#8220;40px&#8220;][vc_column_text]Seit 2010 habe ich als Wirtschaftspr\u00fcferassistent viel Erfahrung in der Pr\u00fcfung von Gemeinden und St\u00e4dten gesammelt. Ich habe eine Bescheinigung \u00fcber den erfolgreichen Abschluss des<span class=\"excerpt-hellip\"> [\u2026]<\/span><\/p>\n","protected":false},"author":1,"featured_media":0,"parent":0,"menu_order":0,"comment_status":"closed","ping_status":"closed","template":"","meta":{"footnotes":""},"class_list":["post-234","page","type-page","status-publish","hentry"],"acf":[],"yoast_head":"<!-- This site is optimized with the Yoast SEO Premium plugin v15.2 - https:\/\/yoast.com\/wordpress\/plugins\/seo\/ -->\n<title>Wirtschaftspr\u00fcfung der Kommunen und St\u00e4dte - Ing. Ludov\u00edt Fiala - IFL<\/title>\n<meta name=\"description\" content=\"Firma Ing. \u013dudov\u00edt Fiala - IFL p\u00f4sob\u00ed v oblasti poskytovania \u00fa\u010dtovn\u00fdch a poradensk\u00fdch slu\u017eieb na trhu od roku 1991.\" \/>\n<meta name=\"robots\" content=\"index, follow, max-snippet:-1, max-image-preview:large, max-video-preview:-1\" \/>\n<link rel=\"canonical\" href=\"https:\/\/ifl.sk\/de\/audit-pre-obce-a-mesta\" \/>\n<meta property=\"og:locale\" content=\"de_DE\" \/>\n<meta property=\"og:type\" content=\"article\" \/>\n<meta property=\"og:title\" content=\"Wirtschaftspr\u00fcfung der Kommunen und St\u00e4dte - Ing. Ludov\u00edt Fiala - IFL\" \/>\n<meta property=\"og:description\" content=\"Firma Ing. \u013dudov\u00edt Fiala - IFL p\u00f4sob\u00ed v oblasti poskytovania \u00fa\u010dtovn\u00fdch a poradensk\u00fdch slu\u017eieb na trhu od roku 1991.\" \/>\n<meta property=\"og:url\" content=\"https:\/\/ifl.sk\/de\/audit-pre-obce-a-mesta\" \/>\n<meta property=\"og:site_name\" content=\"Ing. Ludov\u00edt Fiala - IFL\" \/>\n<meta property=\"article:modified_time\" content=\"2020-07-03T12:54:54+00:00\" \/>\n<meta name=\"twitter:card\" content=\"summary_large_image\" \/>\n<meta name=\"twitter:label1\" value=\"Verfasst von\">\n\t<meta name=\"twitter:data1\" value=\"admin\">\n\t<meta name=\"twitter:label2\" value=\"Gesch\u00e4tzte Lesezeit\">\n\t<meta name=\"twitter:data2\" value=\"1\u00a0Minute\">\n<script type=\"application\/ld+json\" class=\"yoast-schema-graph\">{\"@context\":\"https:\/\/schema.org\",\"@graph\":[{\"@type\":\"WebSite\",\"@id\":\"https:\/\/ifl.sk\/#website\",\"url\":\"https:\/\/ifl.sk\/\",\"name\":\"Ing. Ludov\\u00edt Fiala - IFL\",\"description\":\"\\u00da\\u010dtovn\\u00edctvo a da\\u0148ov\\u00e9 poradenstvo\",\"potentialAction\":[{\"@type\":\"SearchAction\",\"target\":\"https:\/\/ifl.sk\/?s={search_term_string}\",\"query-input\":\"required name=search_term_string\"}],\"inLanguage\":\"de\"},{\"@type\":\"WebPage\",\"@id\":\"https:\/\/ifl.sk\/de\/audit-pre-obce-a-mesta#webpage\",\"url\":\"https:\/\/ifl.sk\/de\/audit-pre-obce-a-mesta\",\"name\":\"Wirtschaftspr\\u00fcfung der Kommunen und St\\u00e4dte - Ing. Ludov\\u00edt Fiala - IFL\",\"isPartOf\":{\"@id\":\"https:\/\/ifl.sk\/#website\"},\"datePublished\":\"2020-03-06T00:20:46+00:00\",\"dateModified\":\"2020-07-03T12:54:54+00:00\",\"description\":\"Firma Ing. \\u013dudov\\u00edt Fiala - IFL p\\u00f4sob\\u00ed v oblasti poskytovania \\u00fa\\u010dtovn\\u00fdch a poradensk\\u00fdch slu\\u017eieb na trhu od roku 1991.\",\"inLanguage\":\"de\",\"potentialAction\":[{\"@type\":\"ReadAction\",\"target\":[\"https:\/\/ifl.sk\/de\/audit-pre-obce-a-mesta\"]}]},{\"@type\":\"Place\",\"@id\":\"https:\/\/ifl.sk\/de\/audit-pre-obce-a-mesta#local-place\",\"address\":{\"@type\":\"PostalAddress\",\"@id\":\"https:\/\/ifl.sk\/de\/audit-pre-obce-a-mesta#local-place-address\",\"streetAddress\":\"\",\"addressLocality\":\"\",\"postalCode\":\"\",\"addressRegion\":\"\",\"addressCountry\":\"\"},\"geo\":{\"@type\":\"GeoCoordinates\",\"latitude\":\"\",\"longitude\":\"\"},\"openingHoursSpecification\":[{\"@type\":\"OpeningHoursSpecification\",\"dayOfWeek\":[\"Monday\",\"Tuesday\",\"Wednesday\",\"Thursday\",\"Friday\",\"Saturday\",\"Sunday\"],\"opens\":\"09:00\",\"closes\":\"17:00\"}]}]}<\/script>\n<!-- \/ Yoast SEO Premium plugin. -->","_links":{"self":[{"href":"https:\/\/ifl.sk\/de\/wp-json\/wp\/v2\/pages\/234","targetHints":{"allow":["GET"]}}],"collection":[{"href":"https:\/\/ifl.sk\/de\/wp-json\/wp\/v2\/pages"}],"about":[{"href":"https:\/\/ifl.sk\/de\/wp-json\/wp\/v2\/types\/page"}],"author":[{"embeddable":true,"href":"https:\/\/ifl.sk\/de\/wp-json\/wp\/v2\/users\/1"}],"replies":[{"embeddable":true,"href":"https:\/\/ifl.sk\/de\/wp-json\/wp\/v2\/comments?post=234"}],"version-history":[{"count":3,"href":"https:\/\/ifl.sk\/de\/wp-json\/wp\/v2\/pages\/234\/revisions"}],"predecessor-version":[{"id":372,"href":"https:\/\/ifl.sk\/de\/wp-json\/wp\/v2\/pages\/234\/revisions\/372"}],"wp:attachment":[{"href":"https:\/\/ifl.sk\/de\/wp-json\/wp\/v2\/media?parent=234"}],"curies":[{"name":"wp","href":"https:\/\/api.w.org\/{rel}","templated":true}]}}