{"id":242,"date":"2020-03-06T01:09:56","date_gmt":"2020-03-06T00:09:56","guid":{"rendered":"https:\/\/ifl.sk\/danove-poradenstvo\/"},"modified":"2020-07-03T14:50:38","modified_gmt":"2020-07-03T12:50:38","slug":"danove-poradenstvo","status":"publish","type":"page","link":"https:\/\/ifl.sk\/de\/danove-poradenstvo","title":{"rendered":"Steuerberatung"},"content":{"rendered":"<p>[vc_row][vc_column][vc_empty_space height=&#8220;40px&#8220;][vc_column_text]<\/p>\n<p style=\"text-align: justified;\">Wir wissen aus eigener Erfahrung, dass es manchmal schwierig ist, selbst\u00e4ndig t\u00e4tig zu sein. Deshalb gew\u00e4hrleisten wir spezielle Beratungen, die unseren Kunden helfen, so schnell wie m\u00f6glich in Beh\u00f6rden alles zu erledigen. Wir unterst\u00fctzen unsere Kunden bei wichtigen Entscheidungen, z.B. bei der Wahl der richtigen Rechtsform, bei der Fragen der Gewerbeberechtigung und der Sozialversicherung.<\/p>\n<p style=\"text-align: justified;\">Bei einer Steuerberatung sind der Steuerbasis und Steuerh\u00f6he unserem Mandanten besprochen, sowie die Stellungnahmen und Erl\u00e4uterungen der Steuervorschriften. Wir bieten unseren Kunden auch die Erstellung von Steuererkl\u00e4rungen f\u00fcr verschiedene Arten von Steuern gem\u00e4\u00df den aktuellen, h\u00e4ufig ge\u00e4nderten Gesetzen. Unser Leistungsumfang h\u00e4ngt von den Bed\u00fcrfnissen und Anforderungen des Kunden ab. Unser Unternehmen ist in der slowakischen Steuerberaterkammer (SKDP) registriert und zur Steuerberatung berechtigt.<\/p>\n<p>&nbsp;<\/p>\n<ul>\n<li>Spezialisierte und kontinuierliche Beratung im Bereich des Steuerrechts.<\/li>\n<li>Vertretung von Mandanten in Finanz\u00e4mtern durch eine Vollmacht.<\/li>\n<li>Erstellung von Steuererkl\u00e4rungen.<\/li>\n<li>Steuerpr\u00fcfung.<\/li>\n<li>Beratung beim Abschluss von Gesch\u00e4ftsvertr\u00e4gen im Hinblick auf eine optimale Steuerl\u00f6sung.<\/li>\n<li>Planung auf internationaler Ebene.<\/li>\n<li>Individuelle Behandlung der Kunden &#8211; von Gewerbetreibende, \u00fcber mittelst\u00e4ndische bis zu gro\u00dfen Unternehmen.<\/li>\n<li>Professionelle Beratung<\/li>\n<li>Schulung und Unterst\u00fctzung der Kunden<\/li>\n<li>Ausarbeitung von Stellungnahmen zur bestimmten Problematik<\/li>\n<li>Steuerliche Registrierung<\/li>\n<\/ul>\n<p>[\/vc_column_text][\/vc_column][\/vc_row][vc_row][vc_column][vc_empty_space height=&#8220;40px&#8220;][\/vc_column][\/vc_row]<\/p>\n","protected":false},"excerpt":{"rendered":"<p>[vc_row][vc_column][vc_empty_space height=&#8220;40px&#8220;][vc_column_text] Wir wissen aus eigener Erfahrung, dass es manchmal schwierig ist, selbst\u00e4ndig t\u00e4tig zu sein. Deshalb gew\u00e4hrleisten wir spezielle Beratungen, die unseren Kunden helfen, so<span class=\"excerpt-hellip\"> [\u2026]<\/span><\/p>\n","protected":false},"author":1,"featured_media":0,"parent":0,"menu_order":0,"comment_status":"closed","ping_status":"closed","template":"","meta":{"footnotes":""},"class_list":["post-242","page","type-page","status-publish","hentry"],"acf":[],"yoast_head":"<!-- This site is optimized with the Yoast SEO Premium plugin v15.2 - https:\/\/yoast.com\/wordpress\/plugins\/seo\/ -->\n<title>Steuerberatung - Ing. Ludov\u00edt Fiala - IFL<\/title>\n<meta name=\"description\" content=\"Firma Ing. \u013dudov\u00edt Fiala - IFL p\u00f4sob\u00ed v oblasti poskytovania \u00fa\u010dtovn\u00fdch a poradensk\u00fdch slu\u017eieb na trhu od roku 1991.\" \/>\n<meta name=\"robots\" content=\"index, follow, max-snippet:-1, max-image-preview:large, max-video-preview:-1\" \/>\n<link rel=\"canonical\" href=\"https:\/\/ifl.sk\/de\/danove-poradenstvo\" \/>\n<meta property=\"og:locale\" content=\"de_DE\" \/>\n<meta property=\"og:type\" content=\"article\" \/>\n<meta property=\"og:title\" content=\"Steuerberatung - Ing. Ludov\u00edt Fiala - IFL\" \/>\n<meta property=\"og:description\" content=\"Firma Ing. \u013dudov\u00edt Fiala - IFL p\u00f4sob\u00ed v oblasti poskytovania \u00fa\u010dtovn\u00fdch a poradensk\u00fdch slu\u017eieb na trhu od roku 1991.\" \/>\n<meta property=\"og:url\" content=\"https:\/\/ifl.sk\/de\/danove-poradenstvo\" \/>\n<meta property=\"og:site_name\" content=\"Ing. Ludov\u00edt Fiala - IFL\" \/>\n<meta property=\"article:modified_time\" content=\"2020-07-03T12:50:38+00:00\" \/>\n<meta name=\"twitter:card\" content=\"summary_large_image\" \/>\n<meta name=\"twitter:label1\" value=\"Verfasst von\">\n\t<meta name=\"twitter:data1\" value=\"admin\">\n\t<meta name=\"twitter:label2\" value=\"Gesch\u00e4tzte Lesezeit\">\n\t<meta name=\"twitter:data2\" value=\"1\u00a0Minute\">\n<script type=\"application\/ld+json\" class=\"yoast-schema-graph\">{\"@context\":\"https:\/\/schema.org\",\"@graph\":[{\"@type\":\"WebSite\",\"@id\":\"https:\/\/ifl.sk\/de\/#website\",\"url\":\"https:\/\/ifl.sk\/de\/\",\"name\":\"Ing. Ludov\\u00edt Fiala - IFL\",\"description\":\"\\u00da\\u010dtovn\\u00edctvo a da\\u0148ov\\u00e9 poradenstvo\",\"potentialAction\":[{\"@type\":\"SearchAction\",\"target\":\"https:\/\/ifl.sk\/de\/?s={search_term_string}\",\"query-input\":\"required name=search_term_string\"}],\"inLanguage\":\"de\"},{\"@type\":\"WebPage\",\"@id\":\"https:\/\/ifl.sk\/de\/danove-poradenstvo#webpage\",\"url\":\"https:\/\/ifl.sk\/de\/danove-poradenstvo\",\"name\":\"Steuerberatung - Ing. Ludov\\u00edt Fiala - IFL\",\"isPartOf\":{\"@id\":\"https:\/\/ifl.sk\/de\/#website\"},\"datePublished\":\"2020-03-06T00:09:56+00:00\",\"dateModified\":\"2020-07-03T12:50:38+00:00\",\"description\":\"Firma Ing. \\u013dudov\\u00edt Fiala - IFL p\\u00f4sob\\u00ed v oblasti poskytovania \\u00fa\\u010dtovn\\u00fdch a poradensk\\u00fdch slu\\u017eieb na trhu od roku 1991.\",\"inLanguage\":\"de\",\"potentialAction\":[{\"@type\":\"ReadAction\",\"target\":[\"https:\/\/ifl.sk\/de\/danove-poradenstvo\"]}]},{\"@type\":\"Place\",\"@id\":\"https:\/\/ifl.sk\/de\/danove-poradenstvo#local-place\",\"address\":{\"@type\":\"PostalAddress\",\"@id\":\"https:\/\/ifl.sk\/de\/danove-poradenstvo#local-place-address\",\"streetAddress\":\"\",\"addressLocality\":\"\",\"postalCode\":\"\",\"addressRegion\":\"\",\"addressCountry\":\"\"},\"geo\":{\"@type\":\"GeoCoordinates\",\"latitude\":\"\",\"longitude\":\"\"},\"openingHoursSpecification\":[{\"@type\":\"OpeningHoursSpecification\",\"dayOfWeek\":[\"Monday\",\"Tuesday\",\"Wednesday\",\"Thursday\",\"Friday\",\"Saturday\",\"Sunday\"],\"opens\":\"09:00\",\"closes\":\"17:00\"}]}]}<\/script>\n<!-- \/ Yoast SEO Premium plugin. -->","_links":{"self":[{"href":"https:\/\/ifl.sk\/de\/wp-json\/wp\/v2\/pages\/242","targetHints":{"allow":["GET"]}}],"collection":[{"href":"https:\/\/ifl.sk\/de\/wp-json\/wp\/v2\/pages"}],"about":[{"href":"https:\/\/ifl.sk\/de\/wp-json\/wp\/v2\/types\/page"}],"author":[{"embeddable":true,"href":"https:\/\/ifl.sk\/de\/wp-json\/wp\/v2\/users\/1"}],"replies":[{"embeddable":true,"href":"https:\/\/ifl.sk\/de\/wp-json\/wp\/v2\/comments?post=242"}],"version-history":[{"count":3,"href":"https:\/\/ifl.sk\/de\/wp-json\/wp\/v2\/pages\/242\/revisions"}],"predecessor-version":[{"id":371,"href":"https:\/\/ifl.sk\/de\/wp-json\/wp\/v2\/pages\/242\/revisions\/371"}],"wp:attachment":[{"href":"https:\/\/ifl.sk\/de\/wp-json\/wp\/v2\/media?parent=242"}],"curies":[{"name":"wp","href":"https:\/\/api.w.org\/{rel}","templated":true}]}}