{"id":246,"date":"2020-03-06T01:23:36","date_gmt":"2020-03-06T00:23:36","guid":{"rendered":"https:\/\/ifl.sk\/sprava-o-transparentnosti\/"},"modified":"2020-04-23T14:15:49","modified_gmt":"2020-04-23T12:15:49","slug":"sprava-o-transparentnosti","status":"publish","type":"page","link":"https:\/\/ifl.sk\/de\/sprava-o-transparentnosti","title":{"rendered":"Transparenzbericht"},"content":{"rendered":"<p>[vc_row][vc_column][vc_empty_space height=&#8220;40px&#8220;][vc_column_text]Gem\u00e4\u00df dem Gesetz Nr. 540\/2007 Slg. \u00fcber den Abschlusspr\u00fcfern, Pr\u00fcfung und \u00dcberwachung der Pr\u00fcfungsleistung sowie \u00fcber \u00c4nderung und Erg\u00e4nzung des Gesetzes Nr. 431\/2002 Slg. \u00fcber das Rechnungswesen in der jeweils g\u00fcltigen Fassung haben wir in 2016 die Pr\u00fcfung f\u00fcr zwei Unternehmen von \u00f6ffentlichem Interesse durchgef\u00fchrt. Gem\u00e4\u00df dem Gesetz Nr. 540\/2007 enth\u00e4lt unsere Webseite separat in diesem Abschnitt den aktuellen Transparenzbericht.<\/p>\n<p>In den Jahren 2017, 2018 und 2019 haben wir kein Unternehmen von \u00f6ffentlichem Interesse gepr\u00fcft.[\/vc_column_text][\/vc_column][\/vc_row][vc_row][vc_column][vc_empty_space height=&#8220;40px&#8220;][\/vc_column][\/vc_row]<\/p>\n","protected":false},"excerpt":{"rendered":"<p>[vc_row][vc_column][vc_empty_space height=&#8220;40px&#8220;][vc_column_text]Gem\u00e4\u00df dem Gesetz Nr. 540\/2007 Slg. \u00fcber den Abschlusspr\u00fcfern, Pr\u00fcfung und \u00dcberwachung der Pr\u00fcfungsleistung sowie \u00fcber \u00c4nderung und Erg\u00e4nzung des Gesetzes Nr. 431\/2002 Slg. \u00fcber<span class=\"excerpt-hellip\"> [\u2026]<\/span><\/p>\n","protected":false},"author":1,"featured_media":0,"parent":0,"menu_order":0,"comment_status":"closed","ping_status":"closed","template":"","meta":{"footnotes":""},"class_list":["post-246","page","type-page","status-publish","hentry"],"acf":[],"yoast_head":"<!-- This site is optimized with the Yoast SEO Premium plugin v15.2 - https:\/\/yoast.com\/wordpress\/plugins\/seo\/ -->\n<title>Transparenzbericht - Ing. Ludov\u00edt Fiala - IFL<\/title>\n<meta name=\"description\" content=\"Firma Ing. \u013dudov\u00edt Fiala - IFL p\u00f4sob\u00ed v oblasti poskytovania \u00fa\u010dtovn\u00fdch a poradensk\u00fdch slu\u017eieb na trhu od roku 1991.\" \/>\n<meta name=\"robots\" content=\"index, follow, max-snippet:-1, max-image-preview:large, max-video-preview:-1\" \/>\n<link rel=\"canonical\" href=\"https:\/\/ifl.sk\/de\/sprava-o-transparentnosti\" \/>\n<meta property=\"og:locale\" content=\"de_DE\" \/>\n<meta property=\"og:type\" content=\"article\" \/>\n<meta property=\"og:title\" content=\"Transparenzbericht - Ing. Ludov\u00edt Fiala - IFL\" \/>\n<meta property=\"og:description\" content=\"Firma Ing. \u013dudov\u00edt Fiala - IFL p\u00f4sob\u00ed v oblasti poskytovania \u00fa\u010dtovn\u00fdch a poradensk\u00fdch slu\u017eieb na trhu od roku 1991.\" \/>\n<meta property=\"og:url\" content=\"https:\/\/ifl.sk\/de\/sprava-o-transparentnosti\" \/>\n<meta property=\"og:site_name\" content=\"Ing. Ludov\u00edt Fiala - IFL\" \/>\n<meta property=\"article:modified_time\" content=\"2020-04-23T12:15:49+00:00\" \/>\n<meta name=\"twitter:card\" content=\"summary_large_image\" \/>\n<meta name=\"twitter:label1\" value=\"Verfasst von\">\n\t<meta name=\"twitter:data1\" value=\"admin\">\n\t<meta name=\"twitter:label2\" value=\"Gesch\u00e4tzte Lesezeit\">\n\t<meta name=\"twitter:data2\" value=\"0\u00a0Minuten\">\n<script type=\"application\/ld+json\" class=\"yoast-schema-graph\">{\"@context\":\"https:\/\/schema.org\",\"@graph\":[{\"@type\":\"WebSite\",\"@id\":\"https:\/\/ifl.sk\/#website\",\"url\":\"https:\/\/ifl.sk\/\",\"name\":\"Ing. Ludov\\u00edt Fiala - IFL\",\"description\":\"\\u00da\\u010dtovn\\u00edctvo a da\\u0148ov\\u00e9 poradenstvo\",\"potentialAction\":[{\"@type\":\"SearchAction\",\"target\":\"https:\/\/ifl.sk\/?s={search_term_string}\",\"query-input\":\"required name=search_term_string\"}],\"inLanguage\":\"de\"},{\"@type\":\"WebPage\",\"@id\":\"https:\/\/ifl.sk\/de\/sprava-o-transparentnosti#webpage\",\"url\":\"https:\/\/ifl.sk\/de\/sprava-o-transparentnosti\",\"name\":\"Transparenzbericht - Ing. Ludov\\u00edt Fiala - IFL\",\"isPartOf\":{\"@id\":\"https:\/\/ifl.sk\/#website\"},\"datePublished\":\"2020-03-06T00:23:36+00:00\",\"dateModified\":\"2020-04-23T12:15:49+00:00\",\"description\":\"Firma Ing. \\u013dudov\\u00edt Fiala - IFL p\\u00f4sob\\u00ed v oblasti poskytovania \\u00fa\\u010dtovn\\u00fdch a poradensk\\u00fdch slu\\u017eieb na trhu od roku 1991.\",\"inLanguage\":\"de\",\"potentialAction\":[{\"@type\":\"ReadAction\",\"target\":[\"https:\/\/ifl.sk\/de\/sprava-o-transparentnosti\"]}]},{\"@type\":\"Place\",\"@id\":\"https:\/\/ifl.sk\/de\/sprava-o-transparentnosti#local-place\",\"address\":{\"@type\":\"PostalAddress\",\"@id\":\"https:\/\/ifl.sk\/de\/sprava-o-transparentnosti#local-place-address\",\"streetAddress\":\"\",\"addressLocality\":\"\",\"postalCode\":\"\",\"addressRegion\":\"\",\"addressCountry\":\"\"},\"geo\":{\"@type\":\"GeoCoordinates\",\"latitude\":\"\",\"longitude\":\"\"},\"openingHoursSpecification\":[{\"@type\":\"OpeningHoursSpecification\",\"dayOfWeek\":[\"Monday\",\"Tuesday\",\"Wednesday\",\"Thursday\",\"Friday\",\"Saturday\",\"Sunday\"],\"opens\":\"09:00\",\"closes\":\"17:00\"}]}]}<\/script>\n<!-- \/ Yoast SEO Premium plugin. -->","_links":{"self":[{"href":"https:\/\/ifl.sk\/de\/wp-json\/wp\/v2\/pages\/246","targetHints":{"allow":["GET"]}}],"collection":[{"href":"https:\/\/ifl.sk\/de\/wp-json\/wp\/v2\/pages"}],"about":[{"href":"https:\/\/ifl.sk\/de\/wp-json\/wp\/v2\/types\/page"}],"author":[{"embeddable":true,"href":"https:\/\/ifl.sk\/de\/wp-json\/wp\/v2\/users\/1"}],"replies":[{"embeddable":true,"href":"https:\/\/ifl.sk\/de\/wp-json\/wp\/v2\/comments?post=246"}],"version-history":[{"count":2,"href":"https:\/\/ifl.sk\/de\/wp-json\/wp\/v2\/pages\/246\/revisions"}],"predecessor-version":[{"id":248,"href":"https:\/\/ifl.sk\/de\/wp-json\/wp\/v2\/pages\/246\/revisions\/248"}],"wp:attachment":[{"href":"https:\/\/ifl.sk\/de\/wp-json\/wp\/v2\/media?parent=246"}],"curies":[{"name":"wp","href":"https:\/\/api.w.org\/{rel}","templated":true}]}}