{"id":196,"date":"2018-03-27T14:06:30","date_gmt":"2018-03-27T14:06:30","guid":{"rendered":"https:\/\/ifl.sk\/home\/"},"modified":"2020-07-06T17:23:59","modified_gmt":"2020-07-06T15:23:59","slug":"home","status":"publish","type":"page","link":"https:\/\/ifl.sk\/en","title":{"rendered":"Home"},"content":{"rendered":"","protected":false},"excerpt":{"rendered":"","protected":false},"author":1,"featured_media":0,"parent":0,"menu_order":0,"comment_status":"closed","ping_status":"open","template":"","meta":{"footnotes":""},"class_list":["post-196","page","type-page","status-publish","hentry"],"acf":[],"yoast_head":"<!-- This site is optimized with the Yoast SEO Premium plugin v15.2 - https:\/\/yoast.com\/wordpress\/plugins\/seo\/ -->\n<title>Home - Ing. Ludov\u00edt Fiala - IFL<\/title>\n<meta name=\"description\" content=\"Firma Ing. \u013dudov\u00edt Fiala - IFL p\u00f4sob\u00ed v oblasti poskytovania \u00fa\u010dtovn\u00fdch a poradensk\u00fdch slu\u017eieb na trhu od roku 1991.\" \/>\n<meta name=\"robots\" content=\"index, follow, max-snippet:-1, max-image-preview:large, max-video-preview:-1\" \/>\n<link rel=\"canonical\" href=\"https:\/\/ifl.sk\/en\" \/>\n<meta property=\"og:locale\" content=\"en_US\" \/>\n<meta property=\"og:type\" content=\"article\" \/>\n<meta property=\"og:title\" content=\"Home - Ing. Ludov\u00edt Fiala - IFL\" \/>\n<meta property=\"og:description\" content=\"Firma Ing. \u013dudov\u00edt Fiala - IFL p\u00f4sob\u00ed v oblasti poskytovania \u00fa\u010dtovn\u00fdch a poradensk\u00fdch slu\u017eieb na trhu od roku 1991.\" \/>\n<meta property=\"og:url\" content=\"https:\/\/ifl.sk\/en\" \/>\n<meta property=\"og:site_name\" content=\"Ing. Ludov\u00edt Fiala - IFL\" \/>\n<meta property=\"article:modified_time\" content=\"2020-07-06T15:23:59+00:00\" \/>\n<meta name=\"twitter:card\" content=\"summary_large_image\" \/>\n<meta name=\"twitter:label1\" value=\"Written by\">\n\t<meta name=\"twitter:data1\" value=\"admin\">\n<script type=\"application\/ld+json\" class=\"yoast-schema-graph\">{\"@context\":\"https:\/\/schema.org\",\"@graph\":[{\"@type\":\"WebSite\",\"@id\":\"https:\/\/ifl.sk\/#website\",\"url\":\"https:\/\/ifl.sk\/\",\"name\":\"Ing. Ludov\\u00edt Fiala - IFL\",\"description\":\"\\u00da\\u010dtovn\\u00edctvo a da\\u0148ov\\u00e9 poradenstvo\",\"potentialAction\":[{\"@type\":\"SearchAction\",\"target\":\"https:\/\/ifl.sk\/?s={search_term_string}\",\"query-input\":\"required name=search_term_string\"}],\"inLanguage\":\"en-US\"},{\"@type\":\"WebPage\",\"@id\":\"https:\/\/ifl.sk\/en#webpage\",\"url\":\"https:\/\/ifl.sk\/en\",\"name\":\"Home - Ing. Ludov\\u00edt Fiala - IFL\",\"isPartOf\":{\"@id\":\"https:\/\/ifl.sk\/#website\"},\"datePublished\":\"2018-03-27T14:06:30+00:00\",\"dateModified\":\"2020-07-06T15:23:59+00:00\",\"description\":\"Firma Ing. \\u013dudov\\u00edt Fiala - IFL p\\u00f4sob\\u00ed v oblasti poskytovania \\u00fa\\u010dtovn\\u00fdch a poradensk\\u00fdch slu\\u017eieb na trhu od roku 1991.\",\"inLanguage\":\"en-US\",\"potentialAction\":[{\"@type\":\"ReadAction\",\"target\":[\"https:\/\/ifl.sk\/en\"]}]},{\"@type\":\"Place\",\"@id\":\"https:\/\/ifl.sk\/en#local-place\",\"address\":{\"@type\":\"PostalAddress\",\"@id\":\"https:\/\/ifl.sk\/en#local-place-address\",\"streetAddress\":\"\",\"addressLocality\":\"\",\"postalCode\":\"\",\"addressRegion\":\"\",\"addressCountry\":\"\"},\"geo\":{\"@type\":\"GeoCoordinates\",\"latitude\":\"\",\"longitude\":\"\"},\"openingHoursSpecification\":[{\"@type\":\"OpeningHoursSpecification\",\"dayOfWeek\":[\"Monday\",\"Tuesday\",\"Wednesday\",\"Thursday\",\"Friday\",\"Saturday\",\"Sunday\"],\"opens\":\"09:00\",\"closes\":\"17:00\"}]}]}<\/script>\n<!-- \/ Yoast SEO Premium plugin. -->","_links":{"self":[{"href":"https:\/\/ifl.sk\/en\/wp-json\/wp\/v2\/pages\/196","targetHints":{"allow":["GET"]}}],"collection":[{"href":"https:\/\/ifl.sk\/en\/wp-json\/wp\/v2\/pages"}],"about":[{"href":"https:\/\/ifl.sk\/en\/wp-json\/wp\/v2\/types\/page"}],"author":[{"embeddable":true,"href":"https:\/\/ifl.sk\/en\/wp-json\/wp\/v2\/users\/1"}],"replies":[{"embeddable":true,"href":"https:\/\/ifl.sk\/en\/wp-json\/wp\/v2\/comments?post=196"}],"version-history":[{"count":3,"href":"https:\/\/ifl.sk\/en\/wp-json\/wp\/v2\/pages\/196\/revisions"}],"predecessor-version":[{"id":380,"href":"https:\/\/ifl.sk\/en\/wp-json\/wp\/v2\/pages\/196\/revisions\/380"}],"wp:attachment":[{"href":"https:\/\/ifl.sk\/en\/wp-json\/wp\/v2\/media?parent=196"}],"curies":[{"name":"wp","href":"https:\/\/api.w.org\/{rel}","templated":true}]}}