{"id":296,"date":"2018-03-27T14:52:26","date_gmt":"2018-03-27T14:52:26","guid":{"rendered":"https:\/\/ifl.sk\/kontakt\/"},"modified":"2022-12-12T12:57:24","modified_gmt":"2022-12-12T11:57:24","slug":"kontakt","status":"publish","type":"page","link":"https:\/\/ifl.sk\/hu\/kontakt","title":{"rendered":"Kapcsolat"},"content":{"rendered":"","protected":false},"excerpt":{"rendered":"","protected":false},"author":1,"featured_media":0,"parent":0,"menu_order":0,"comment_status":"closed","ping_status":"closed","template":"","meta":{"footnotes":""},"class_list":["post-296","page","type-page","status-publish","hentry"],"acf":[],"yoast_head":"<!-- This site is optimized with the Yoast SEO Premium plugin v15.2 - https:\/\/yoast.com\/wordpress\/plugins\/seo\/ -->\n<title>Kapcsolat - Ing. Ludov\u00edt Fiala - IFL<\/title>\n<meta name=\"description\" content=\"Firma Ing. \u013dudov\u00edt Fiala - IFL p\u00f4sob\u00ed v oblasti poskytovania \u00fa\u010dtovn\u00fdch a poradensk\u00fdch slu\u017eieb na trhu od roku 1991.\" \/>\n<meta name=\"robots\" content=\"index, follow, max-snippet:-1, max-image-preview:large, max-video-preview:-1\" \/>\n<link rel=\"canonical\" href=\"https:\/\/ifl.sk\/hu\/kontakt\" \/>\n<meta property=\"og:locale\" content=\"hu_HU\" \/>\n<meta property=\"og:type\" content=\"article\" \/>\n<meta property=\"og:title\" content=\"Kapcsolat - Ing. Ludov\u00edt Fiala - IFL\" \/>\n<meta property=\"og:description\" content=\"Firma Ing. \u013dudov\u00edt Fiala - IFL p\u00f4sob\u00ed v oblasti poskytovania \u00fa\u010dtovn\u00fdch a poradensk\u00fdch slu\u017eieb na trhu od roku 1991.\" \/>\n<meta property=\"og:url\" content=\"https:\/\/ifl.sk\/hu\/kontakt\" \/>\n<meta property=\"og:site_name\" content=\"Ing. Ludov\u00edt Fiala - IFL\" \/>\n<meta property=\"article:modified_time\" content=\"2022-12-12T11:57:24+00:00\" \/>\n<meta name=\"twitter:card\" content=\"summary_large_image\" \/>\n<meta name=\"twitter:label1\" value=\"Szerz\u0151:\">\n\t<meta name=\"twitter:data1\" value=\"admin\">\n<script type=\"application\/ld+json\" class=\"yoast-schema-graph\">{\"@context\":\"https:\/\/schema.org\",\"@graph\":[{\"@type\":\"WebSite\",\"@id\":\"https:\/\/ifl.sk\/#website\",\"url\":\"https:\/\/ifl.sk\/\",\"name\":\"Ing. Ludov\\u00edt Fiala - IFL\",\"description\":\"\\u00da\\u010dtovn\\u00edctvo a da\\u0148ov\\u00e9 poradenstvo\",\"potentialAction\":[{\"@type\":\"SearchAction\",\"target\":\"https:\/\/ifl.sk\/?s={search_term_string}\",\"query-input\":\"required name=search_term_string\"}],\"inLanguage\":\"hu\"},{\"@type\":\"WebPage\",\"@id\":\"https:\/\/ifl.sk\/hu\/kontakt#webpage\",\"url\":\"https:\/\/ifl.sk\/hu\/kontakt\",\"name\":\"Kapcsolat - Ing. Ludov\\u00edt Fiala - IFL\",\"isPartOf\":{\"@id\":\"https:\/\/ifl.sk\/#website\"},\"datePublished\":\"2018-03-27T14:52:26+00:00\",\"dateModified\":\"2022-12-12T11:57:24+00:00\",\"description\":\"Firma Ing. \\u013dudov\\u00edt Fiala - IFL p\\u00f4sob\\u00ed v oblasti poskytovania \\u00fa\\u010dtovn\\u00fdch a poradensk\\u00fdch slu\\u017eieb na trhu od roku 1991.\",\"inLanguage\":\"hu\",\"potentialAction\":[{\"@type\":\"ReadAction\",\"target\":[\"https:\/\/ifl.sk\/hu\/kontakt\"]}]},{\"@type\":\"Place\",\"@id\":\"https:\/\/ifl.sk\/hu\/kontakt#local-place\",\"address\":{\"@type\":\"PostalAddress\",\"@id\":\"https:\/\/ifl.sk\/hu\/kontakt#local-place-address\",\"streetAddress\":\"\",\"addressLocality\":\"\",\"postalCode\":\"\",\"addressRegion\":\"\",\"addressCountry\":\"\"},\"geo\":{\"@type\":\"GeoCoordinates\",\"latitude\":\"\",\"longitude\":\"\"},\"openingHoursSpecification\":[{\"@type\":\"OpeningHoursSpecification\",\"dayOfWeek\":[\"Monday\",\"Tuesday\",\"Wednesday\",\"Thursday\",\"Friday\",\"Saturday\",\"Sunday\"],\"opens\":\"09:00\",\"closes\":\"17:00\"}]}]}<\/script>\n<!-- \/ Yoast SEO Premium plugin. -->","_links":{"self":[{"href":"https:\/\/ifl.sk\/hu\/wp-json\/wp\/v2\/pages\/296","targetHints":{"allow":["GET"]}}],"collection":[{"href":"https:\/\/ifl.sk\/hu\/wp-json\/wp\/v2\/pages"}],"about":[{"href":"https:\/\/ifl.sk\/hu\/wp-json\/wp\/v2\/types\/page"}],"author":[{"embeddable":true,"href":"https:\/\/ifl.sk\/hu\/wp-json\/wp\/v2\/users\/1"}],"replies":[{"embeddable":true,"href":"https:\/\/ifl.sk\/hu\/wp-json\/wp\/v2\/comments?post=296"}],"version-history":[{"count":1,"href":"https:\/\/ifl.sk\/hu\/wp-json\/wp\/v2\/pages\/296\/revisions"}],"predecessor-version":[{"id":298,"href":"https:\/\/ifl.sk\/hu\/wp-json\/wp\/v2\/pages\/296\/revisions\/298"}],"wp:attachment":[{"href":"https:\/\/ifl.sk\/hu\/wp-json\/wp\/v2\/media?parent=296"}],"curies":[{"name":"wp","href":"https:\/\/api.w.org\/{rel}","templated":true}]}}