{"id":323,"date":"2020-03-06T01:20:46","date_gmt":"2020-03-06T00:20:46","guid":{"rendered":"https:\/\/ifl.sk\/audit-pre-obce-a-mesta\/"},"modified":"2020-04-30T09:07:37","modified_gmt":"2020-04-30T07:07:37","slug":"audit-pre-obce-a-mesta","status":"publish","type":"page","link":"https:\/\/ifl.sk\/hu\/audit-pre-obce-a-mesta","title":{"rendered":"Telep\u00fcl\u00e9sek audit\u00e1l\u00e1sa"},"content":{"rendered":"<p>[vc_row][vc_column][vc_empty_space height=&#8221;40px&#8221;][vc_column_text]2010 \u00f3ta gazdag tapasztalatokat szereztem az \u00f6nkorm\u00e1nyzatok \u00e9s a v\u00e1rosok k\u00f6nyvvizsg\u00e1lat\u00e1ban mint k\u00f6nyvvizsg\u00e1l\u00f3i asszisztens. Tan\u00fas\u00edtv\u00e1nyom van a Szlov\u00e1k K\u00f6zt\u00e1rsas\u00e1g P\u00e9nz\u00fcgyminiszt\u00e9riuma \u00e9s az SKAU k\u00f6z\u00f6s oktat\u00e1si projektj\u00e9nek sikeres befejez\u00e9s\u00e9r\u0151l:<\/p>\n<p>A k\u00f6zigazgat\u00e1si szervezetek k\u00f6lts\u00e9gvet\u00e9s-tervez\u00e9se, sz\u00e1mvitel \u00e9s k\u00f6nyvvizsg\u00e1lat<\/p>\n<p>T\u00f6rv\u00e9ny 431\/2002 Coll. a k\u00f6nyvel\u00e9sr\u0151l a 19. bek. 1 lev\u00e9l c kimondja, hogy az ellen\u0151rz\u00e9si k\u00f6telezetts\u00e9g a sz\u00e1mviteli szervezetekre is vonatkozik, amelyekre vonatkoz\u00f3an ezt a k\u00f6telezetts\u00e9get egy k\u00fcl\u00f6n rendelet r\u00f6gz\u00edti.<\/p>\n<p>Az \u00f6nkorm\u00e1nyzatok sz\u00e1m\u00e1ra k\u00fcl\u00f6n\u00f6s szab\u00e1lyoz\u00e1s a t\u00f6rv\u00e9ny:<\/p>\n<p>&#8211; nem. 83\/2004 Coll. a ter\u00fcleti \u00f6nkorm\u00e1nyzat k\u00f6lts\u00e9gvet\u00e9si szab\u00e1lyair\u00f3l \u00e9s egyes m\u00f3dos\u00edtott t\u00f6rv\u00e9nyek m\u00f3dos\u00edt\u00e1s\u00e1r\u00f3l,<\/p>\n<p>&#8211; nem. 369\/1990 Coll. az \u00e1ltal\u00e1nos leteleped\u00e9sr\u0151l, m\u00f3dos\u00edtva.<\/p>\n<p>A 16. \u00a7 (3) bekezd\u00e9se szerint T\u00f6rv\u00e9ny 3. cikke 83\/2004 Coll. a ter\u00fcleti \u00f6nkorm\u00e1nyzat k\u00f6lts\u00e9gvet\u00e9si szab\u00e1lyair\u00f3l \u00e9s egyes t\u00f6rv\u00e9nyek m\u00f3dos\u00edt\u00e1sair\u00f3l az \u00f6nkorm\u00e1nyzat k\u00f6teles p\u00e9nz\u00fcgyi kimutat\u00e1sait ellen\u0151rizni egy k\u00fcl\u00f6n\u00f6s rendelettel \u00f6sszhangban, amely<br \/>\na sz\u00e1mviteli t\u00f6rv\u00e9ny.<\/p>\n<p>A p\u00e9nz\u00fcgyi kimutat\u00e1sok ellen\u0151rz\u00e9sekor a k\u00f6nyvvizsg\u00e1l\u00f3 ellen\u0151rzi a 10. \u00a7 (1) bekezd\u00e9s\u00e9ben foglalt k\u00f6telezetts\u00e9gek betart\u00e1s\u00e1t is. 7. \u00e9s 8. cikk, 16. bek. 12., 17. bek. \u00c9s 19. bek. 1. cikke a ter\u00fcleti \u00f6nkorm\u00e1nyzat k\u00f6lts\u00e9gvet\u00e9si szab\u00e1lyair\u00f3l.<\/p>\n<p>Az ellen\u0151rz\u00e9si k\u00f6telezetts\u00e9get a 2. sz. T\u00f6rv\u00e9ny 9. \u00a7 (4) bekezd\u00e9se is kimondja. 369\/1990 Coll. az \u00e1ltal\u00e1nos leteleped\u00e9sr\u0151l. (Az \u00f6nkorm\u00e1nyzat \u00e9ves p\u00e9nz\u00fcgyi kimutat\u00e1sait a k\u00f6nyvvizsg\u00e1l\u00f3 ellen\u0151rzi. A k\u00f6nyvvizsg\u00e1l\u00f3 ellen\u0151rzi a k\u00fcl\u00f6n t\u00f6rv\u00e9ny \u00e1ltal el\u0151\u00edrt egy\u00e9b t\u00e9nyeket is.<br \/>\naz \u00f6nkorm\u00e1nyzat k\u00f6lts\u00e9gvet\u00e9si szab\u00e1lyai.)[\/vc_column_text][\/vc_column][\/vc_row][vc_row][vc_column][vc_empty_space height=&#8221;40px&#8221;][\/vc_column][\/vc_row]<\/p>\n","protected":false},"excerpt":{"rendered":"<p>[vc_row][vc_column][vc_empty_space height=&#8221;40px&#8221;][vc_column_text]2010 \u00f3ta gazdag tapasztalatokat szereztem az \u00f6nkorm\u00e1nyzatok \u00e9s a v\u00e1rosok k\u00f6nyvvizsg\u00e1lat\u00e1ban mint k\u00f6nyvvizsg\u00e1l\u00f3i asszisztens. Tan\u00fas\u00edtv\u00e1nyom van a Szlov\u00e1k K\u00f6zt\u00e1rsas\u00e1g P\u00e9nz\u00fcgyminiszt\u00e9riuma \u00e9s az SKAU k\u00f6z\u00f6s oktat\u00e1si<span class=\"excerpt-hellip\"> [\u2026]<\/span><\/p>\n","protected":false},"author":1,"featured_media":0,"parent":0,"menu_order":0,"comment_status":"closed","ping_status":"closed","template":"","meta":{"footnotes":""},"class_list":["post-323","page","type-page","status-publish","hentry"],"acf":[],"yoast_head":"<!-- This site is optimized with the Yoast SEO Premium plugin v15.2 - https:\/\/yoast.com\/wordpress\/plugins\/seo\/ -->\n<title>Telep\u00fcl\u00e9sek audit\u00e1l\u00e1sa - Ing. Ludov\u00edt Fiala - IFL<\/title>\n<meta name=\"description\" content=\"Firma Ing. \u013dudov\u00edt Fiala - IFL p\u00f4sob\u00ed v oblasti poskytovania \u00fa\u010dtovn\u00fdch a poradensk\u00fdch slu\u017eieb na trhu od roku 1991.\" \/>\n<meta name=\"robots\" content=\"index, follow, max-snippet:-1, max-image-preview:large, max-video-preview:-1\" \/>\n<link rel=\"canonical\" href=\"https:\/\/ifl.sk\/hu\/audit-pre-obce-a-mesta\" \/>\n<meta property=\"og:locale\" content=\"hu_HU\" \/>\n<meta property=\"og:type\" content=\"article\" \/>\n<meta property=\"og:title\" content=\"Telep\u00fcl\u00e9sek audit\u00e1l\u00e1sa - Ing. Ludov\u00edt Fiala - IFL\" \/>\n<meta property=\"og:description\" content=\"Firma Ing. \u013dudov\u00edt Fiala - IFL p\u00f4sob\u00ed v oblasti poskytovania \u00fa\u010dtovn\u00fdch a poradensk\u00fdch slu\u017eieb na trhu od roku 1991.\" \/>\n<meta property=\"og:url\" content=\"https:\/\/ifl.sk\/hu\/audit-pre-obce-a-mesta\" \/>\n<meta property=\"og:site_name\" content=\"Ing. Ludov\u00edt Fiala - IFL\" \/>\n<meta property=\"article:modified_time\" content=\"2020-04-30T07:07:37+00:00\" \/>\n<meta name=\"twitter:card\" content=\"summary_large_image\" \/>\n<meta name=\"twitter:label1\" value=\"Szerz\u0151:\">\n\t<meta name=\"twitter:data1\" value=\"admin\">\n\t<meta name=\"twitter:label2\" value=\"Becs\u00fclt olvas\u00e1si id\u0151\">\n\t<meta name=\"twitter:data2\" value=\"1 perc\">\n<script type=\"application\/ld+json\" class=\"yoast-schema-graph\">{\"@context\":\"https:\/\/schema.org\",\"@graph\":[{\"@type\":\"WebSite\",\"@id\":\"https:\/\/ifl.sk\/#website\",\"url\":\"https:\/\/ifl.sk\/\",\"name\":\"Ing. Ludov\\u00edt Fiala - IFL\",\"description\":\"\\u00da\\u010dtovn\\u00edctvo a da\\u0148ov\\u00e9 poradenstvo\",\"potentialAction\":[{\"@type\":\"SearchAction\",\"target\":\"https:\/\/ifl.sk\/?s={search_term_string}\",\"query-input\":\"required name=search_term_string\"}],\"inLanguage\":\"hu\"},{\"@type\":\"WebPage\",\"@id\":\"https:\/\/ifl.sk\/hu\/audit-pre-obce-a-mesta#webpage\",\"url\":\"https:\/\/ifl.sk\/hu\/audit-pre-obce-a-mesta\",\"name\":\"Telep\\u00fcl\\u00e9sek audit\\u00e1l\\u00e1sa - Ing. Ludov\\u00edt Fiala - IFL\",\"isPartOf\":{\"@id\":\"https:\/\/ifl.sk\/#website\"},\"datePublished\":\"2020-03-06T00:20:46+00:00\",\"dateModified\":\"2020-04-30T07:07:37+00:00\",\"description\":\"Firma Ing. \\u013dudov\\u00edt Fiala - IFL p\\u00f4sob\\u00ed v oblasti poskytovania \\u00fa\\u010dtovn\\u00fdch a poradensk\\u00fdch slu\\u017eieb na trhu od roku 1991.\",\"inLanguage\":\"hu\",\"potentialAction\":[{\"@type\":\"ReadAction\",\"target\":[\"https:\/\/ifl.sk\/hu\/audit-pre-obce-a-mesta\"]}]},{\"@type\":\"Place\",\"@id\":\"https:\/\/ifl.sk\/hu\/audit-pre-obce-a-mesta#local-place\",\"address\":{\"@type\":\"PostalAddress\",\"@id\":\"https:\/\/ifl.sk\/hu\/audit-pre-obce-a-mesta#local-place-address\",\"streetAddress\":\"\",\"addressLocality\":\"\",\"postalCode\":\"\",\"addressRegion\":\"\",\"addressCountry\":\"\"},\"geo\":{\"@type\":\"GeoCoordinates\",\"latitude\":\"\",\"longitude\":\"\"},\"openingHoursSpecification\":[{\"@type\":\"OpeningHoursSpecification\",\"dayOfWeek\":[\"Monday\",\"Tuesday\",\"Wednesday\",\"Thursday\",\"Friday\",\"Saturday\",\"Sunday\"],\"opens\":\"09:00\",\"closes\":\"17:00\"}]}]}<\/script>\n<!-- \/ Yoast SEO Premium plugin. -->","_links":{"self":[{"href":"https:\/\/ifl.sk\/hu\/wp-json\/wp\/v2\/pages\/323","targetHints":{"allow":["GET"]}}],"collection":[{"href":"https:\/\/ifl.sk\/hu\/wp-json\/wp\/v2\/pages"}],"about":[{"href":"https:\/\/ifl.sk\/hu\/wp-json\/wp\/v2\/types\/page"}],"author":[{"embeddable":true,"href":"https:\/\/ifl.sk\/hu\/wp-json\/wp\/v2\/users\/1"}],"replies":[{"embeddable":true,"href":"https:\/\/ifl.sk\/hu\/wp-json\/wp\/v2\/comments?post=323"}],"version-history":[{"count":2,"href":"https:\/\/ifl.sk\/hu\/wp-json\/wp\/v2\/pages\/323\/revisions"}],"predecessor-version":[{"id":325,"href":"https:\/\/ifl.sk\/hu\/wp-json\/wp\/v2\/pages\/323\/revisions\/325"}],"wp:attachment":[{"href":"https:\/\/ifl.sk\/hu\/wp-json\/wp\/v2\/media?parent=323"}],"curies":[{"name":"wp","href":"https:\/\/api.w.org\/{rel}","templated":true}]}}