{"id":328,"date":"2020-03-06T01:23:36","date_gmt":"2020-03-06T00:23:36","guid":{"rendered":"https:\/\/ifl.sk\/sprava-o-transparentnosti\/"},"modified":"2020-07-03T14:57:02","modified_gmt":"2020-07-03T12:57:02","slug":"sprava-o-transparentnosti","status":"publish","type":"page","link":"https:\/\/ifl.sk\/hu\/sprava-o-transparentnosti","title":{"rendered":"\u00c1tl\u00e1that\u00f3s\u00e1gi jelent\u00e9s"},"content":{"rendered":"<p>[vc_row][vc_column][vc_empty_space height=&#8221;40px&#8221;][vc_column_text]Az 540\/2007 t\u00f6rv\u00e9ny szerint a k\u00f6nyvvizsg\u00e1l\u00f3kr\u00f3l, az ellen\u0151rz\u00e9sr\u0151l \u00e9s az ellen\u0151rz\u00e9s v\u00e9grehajt\u00e1s\u00e1nak fel\u00fcgyelet\u00e9r\u0151l, valamint a 431\/2002 Coll. A m\u00f3dos\u00edtott sz\u00e1mvitel vonatkoz\u00e1s\u00e1ban 2016-ban k\u00e9t k\u00f6z\u00e9rdekl\u0151d\u00e9sre sz\u00e1mot tart\u00f3 szervezet k\u00f6nyvvizsg\u00e1lat\u00e1t v\u00e9gezt\u00fck. Az 540\/2007. sz. t\u00f6rv\u00e9nynek megfelel\u0151en a jelenlegi \u00e1tl\u00e1that\u00f3s\u00e1gi jelent\u00e9st k\u00fcl\u00f6n lev\u00e9lben teszik k\u00f6zz\u00e9 weboldalunk ezen r\u00e9sz\u00e9n.<\/p>\n<p>2017, 2018 \u00e9s 2019-ben nem v\u00e9gezt\u00fcnk el egy k\u00f6z\u00e9rdek\u0171 szervezet k\u00f6nyvvizsg\u00e1lat\u00e1t.[\/vc_column_text][\/vc_column][\/vc_row][vc_row][vc_column][vc_empty_space height=&#8221;40px&#8221;][\/vc_column][\/vc_row]<\/p>\n","protected":false},"excerpt":{"rendered":"<p>[vc_row][vc_column][vc_empty_space height=&#8221;40px&#8221;][vc_column_text]Az 540\/2007 t\u00f6rv\u00e9ny szerint a k\u00f6nyvvizsg\u00e1l\u00f3kr\u00f3l, az ellen\u0151rz\u00e9sr\u0151l \u00e9s az ellen\u0151rz\u00e9s v\u00e9grehajt\u00e1s\u00e1nak fel\u00fcgyelet\u00e9r\u0151l, valamint a 431\/2002 Coll. A m\u00f3dos\u00edtott sz\u00e1mvitel vonatkoz\u00e1s\u00e1ban 2016-ban k\u00e9t k\u00f6z\u00e9rdekl\u0151d\u00e9sre sz\u00e1mot<span class=\"excerpt-hellip\"> [\u2026]<\/span><\/p>\n","protected":false},"author":1,"featured_media":0,"parent":0,"menu_order":0,"comment_status":"closed","ping_status":"closed","template":"","meta":{"footnotes":""},"class_list":["post-328","page","type-page","status-publish","hentry"],"acf":[],"yoast_head":"<!-- This site is optimized with the Yoast SEO Premium plugin v15.2 - https:\/\/yoast.com\/wordpress\/plugins\/seo\/ -->\n<title>\u00c1tl\u00e1that\u00f3s\u00e1gi jelent\u00e9s - Ing. Ludov\u00edt Fiala - IFL<\/title>\n<meta name=\"description\" content=\"Firma Ing. \u013dudov\u00edt Fiala - IFL p\u00f4sob\u00ed v oblasti poskytovania \u00fa\u010dtovn\u00fdch a poradensk\u00fdch slu\u017eieb na trhu od roku 1991.\" \/>\n<meta name=\"robots\" content=\"index, follow, max-snippet:-1, max-image-preview:large, max-video-preview:-1\" \/>\n<link rel=\"canonical\" href=\"https:\/\/ifl.sk\/hu\/sprava-o-transparentnosti\" \/>\n<meta property=\"og:locale\" content=\"hu_HU\" \/>\n<meta property=\"og:type\" content=\"article\" \/>\n<meta property=\"og:title\" content=\"\u00c1tl\u00e1that\u00f3s\u00e1gi jelent\u00e9s - Ing. Ludov\u00edt Fiala - IFL\" \/>\n<meta property=\"og:description\" content=\"Firma Ing. \u013dudov\u00edt Fiala - IFL p\u00f4sob\u00ed v oblasti poskytovania \u00fa\u010dtovn\u00fdch a poradensk\u00fdch slu\u017eieb na trhu od roku 1991.\" \/>\n<meta property=\"og:url\" content=\"https:\/\/ifl.sk\/hu\/sprava-o-transparentnosti\" \/>\n<meta property=\"og:site_name\" content=\"Ing. Ludov\u00edt Fiala - IFL\" \/>\n<meta property=\"article:modified_time\" content=\"2020-07-03T12:57:02+00:00\" \/>\n<meta name=\"twitter:card\" content=\"summary_large_image\" \/>\n<meta name=\"twitter:label1\" value=\"Szerz\u0151:\">\n\t<meta name=\"twitter:data1\" value=\"admin\">\n\t<meta name=\"twitter:label2\" value=\"Becs\u00fclt olvas\u00e1si id\u0151\">\n\t<meta name=\"twitter:data2\" value=\"1 perc\">\n<script type=\"application\/ld+json\" class=\"yoast-schema-graph\">{\"@context\":\"https:\/\/schema.org\",\"@graph\":[{\"@type\":\"WebSite\",\"@id\":\"https:\/\/ifl.sk\/#website\",\"url\":\"https:\/\/ifl.sk\/\",\"name\":\"Ing. Ludov\\u00edt Fiala - IFL\",\"description\":\"\\u00da\\u010dtovn\\u00edctvo a da\\u0148ov\\u00e9 poradenstvo\",\"potentialAction\":[{\"@type\":\"SearchAction\",\"target\":\"https:\/\/ifl.sk\/?s={search_term_string}\",\"query-input\":\"required name=search_term_string\"}],\"inLanguage\":\"hu\"},{\"@type\":\"WebPage\",\"@id\":\"https:\/\/ifl.sk\/hu\/sprava-o-transparentnosti#webpage\",\"url\":\"https:\/\/ifl.sk\/hu\/sprava-o-transparentnosti\",\"name\":\"\\u00c1tl\\u00e1that\\u00f3s\\u00e1gi jelent\\u00e9s - Ing. Ludov\\u00edt Fiala - IFL\",\"isPartOf\":{\"@id\":\"https:\/\/ifl.sk\/#website\"},\"datePublished\":\"2020-03-06T00:23:36+00:00\",\"dateModified\":\"2020-07-03T12:57:02+00:00\",\"description\":\"Firma Ing. \\u013dudov\\u00edt Fiala - IFL p\\u00f4sob\\u00ed v oblasti poskytovania \\u00fa\\u010dtovn\\u00fdch a poradensk\\u00fdch slu\\u017eieb na trhu od roku 1991.\",\"inLanguage\":\"hu\",\"potentialAction\":[{\"@type\":\"ReadAction\",\"target\":[\"https:\/\/ifl.sk\/hu\/sprava-o-transparentnosti\"]}]},{\"@type\":\"Place\",\"@id\":\"https:\/\/ifl.sk\/hu\/sprava-o-transparentnosti#local-place\",\"address\":{\"@type\":\"PostalAddress\",\"@id\":\"https:\/\/ifl.sk\/hu\/sprava-o-transparentnosti#local-place-address\",\"streetAddress\":\"\",\"addressLocality\":\"\",\"postalCode\":\"\",\"addressRegion\":\"\",\"addressCountry\":\"\"},\"geo\":{\"@type\":\"GeoCoordinates\",\"latitude\":\"\",\"longitude\":\"\"},\"openingHoursSpecification\":[{\"@type\":\"OpeningHoursSpecification\",\"dayOfWeek\":[\"Monday\",\"Tuesday\",\"Wednesday\",\"Thursday\",\"Friday\",\"Saturday\",\"Sunday\"],\"opens\":\"09:00\",\"closes\":\"17:00\"}]}]}<\/script>\n<!-- \/ Yoast SEO Premium plugin. -->","_links":{"self":[{"href":"https:\/\/ifl.sk\/hu\/wp-json\/wp\/v2\/pages\/328","targetHints":{"allow":["GET"]}}],"collection":[{"href":"https:\/\/ifl.sk\/hu\/wp-json\/wp\/v2\/pages"}],"about":[{"href":"https:\/\/ifl.sk\/hu\/wp-json\/wp\/v2\/types\/page"}],"author":[{"embeddable":true,"href":"https:\/\/ifl.sk\/hu\/wp-json\/wp\/v2\/users\/1"}],"replies":[{"embeddable":true,"href":"https:\/\/ifl.sk\/hu\/wp-json\/wp\/v2\/comments?post=328"}],"version-history":[{"count":2,"href":"https:\/\/ifl.sk\/hu\/wp-json\/wp\/v2\/pages\/328\/revisions"}],"predecessor-version":[{"id":373,"href":"https:\/\/ifl.sk\/hu\/wp-json\/wp\/v2\/pages\/328\/revisions\/373"}],"wp:attachment":[{"href":"https:\/\/ifl.sk\/hu\/wp-json\/wp\/v2\/media?parent=328"}],"curies":[{"name":"wp","href":"https:\/\/api.w.org\/{rel}","templated":true}]}}